{"id":494,"date":"2011-01-23T13:43:46","date_gmt":"2011-01-23T12:43:46","guid":{"rendered":"https:\/\/d-mueller.de\/blog\/"},"modified":"2014-09-18T00:12:16","modified_gmt":"2014-09-17T22:12:16","slug":"impressum","status":"publish","type":"page","link":"https:\/\/d-mueller.de\/blog\/impressum\/","title":{"rendered":"Impressum"},"content":{"rendered":"<p>F\u00fcr diese Website zeichnet sich in allen Belangen verantwortlich:<\/p>\n<div id=\"hinweisbox\">\nDavid M\u00fcller<br \/>\nIrenenstra\u00dfe 10<br \/>\n64293 Darmstadt<br \/>\n<img loading=\"lazy\" decoding=\"async\" src=\"https:\/\/d-mueller.de\/blog\/wp-content\/uploads\/2011\/01\/email.png\" alt=\"\" title=\"email\" width=\"171\" height=\"15\" class=\"alignnone size-full wp-image-493\" \/>\n<\/div>\n","protected":false},"excerpt":{"rendered":"<p>F\u00fcr diese Website zeichnet sich in allen Belangen verantwortlich: David M\u00fcller Irenenstra\u00dfe 10 64293 Darmstadt<\/p>\n","protected":false},"author":1,"featured_media":0,"parent":0,"menu_order":0,"comment_status":"closed","ping_status":"closed","template":"","meta":{"footnotes":""},"class_list":["post-494","page","type-page","status-publish","hentry"],"_links":{"self":[{"href":"https:\/\/d-mueller.de\/blog\/wp-json\/wp\/v2\/pages\/494","targetHints":{"allow":["GET"]}}],"collection":[{"href":"https:\/\/d-mueller.de\/blog\/wp-json\/wp\/v2\/pages"}],"about":[{"href":"https:\/\/d-mueller.de\/blog\/wp-json\/wp\/v2\/types\/page"}],"author":[{"embeddable":true,"href":"https:\/\/d-mueller.de\/blog\/wp-json\/wp\/v2\/users\/1"}],"replies":[{"embeddable":true,"href":"https:\/\/d-mueller.de\/blog\/wp-json\/wp\/v2\/comments?post=494"}],"version-history":[{"count":0,"href":"https:\/\/d-mueller.de\/blog\/wp-json\/wp\/v2\/pages\/494\/revisions"}],"wp:attachment":[{"href":"https:\/\/d-mueller.de\/blog\/wp-json\/wp\/v2\/media?parent=494"}],"curies":[{"name":"wp","href":"https:\/\/api.w.org\/{rel}","templated":true}]}}